{"id":49,"date":"2021-01-17T15:06:32","date_gmt":"2021-01-17T18:06:32","guid":{"rendered":"http:\/\/awenchargers.com.br\/?page_id=49"},"modified":"2021-01-28T21:07:20","modified_gmt":"2021-01-29T00:07:20","slug":"awen-chargers","status":"publish","type":"page","link":"https:\/\/awenchargers.com.br\/","title":{"rendered":"Awen Chargers"},"content":{"rendered":"<h3 style=\"text-align: center;\">Porque escolher nossos carregadores<\/h3>\n<h5 style=\"text-align: center;\"><b>Bra\u00e7o<\/b><b> de <\/b><b>mobilidade<\/b><b> el\u00e9trica do <\/b><b>grupo<\/b> <b>Citta<\/b> <b>Eletr\u00f4nica<\/b><b>, <\/b><b>empresa<\/b><b> com 15 <\/b><b>anos<\/b><b> de <\/b><b>atua\u00e7\u00e3o<\/b><b> no <\/b><b>segmento<\/b><b> de <\/b><b>fabrica\u00e7\u00e3o<\/b><b> de <\/b><b>produtos<\/b> <b>eletr\u00f4nicos<\/b><b> e <\/b><b>sistemas<\/b><b> de <\/b><b>energia<\/b><b> e <\/b><b>automa\u00e7\u00e3o<\/b><b>.<\/b><\/h5>\n<h5 style=\"text-align: center;\"><b>Distribuidor<\/b> <b>autorizado<\/b><b> da <\/b><b>marca<\/b>\u00a0<b>espanhola<\/b><b> WALLBOX para <\/b><b>todo<\/b> <b>territ\u00f3rio<\/b> <b>nacional<\/b><b>.<\/b><\/h5>\n<h5 style=\"text-align: center;\">Reservamos 100% do nosso tempo para falar de mobilidade el\u00e9trica.<\/h5>\n<h3 style=\"text-align: center;\">Oferecemos sua melhor op\u00e7\u00e3o de Carregadores para Ve\u00edculos El\u00e9tricos.<\/h3>\n<h5 id=\"tw-target-text\" class=\"tw-data-text tw-text-large XcVN5d tw-ta\" dir=\"ltr\" style=\"text-align: center;\" data-placeholder=\"Tradu\u00e7\u00e3o\"><span lang=\"pt\">Criamos sistemas de carregamento inteligentes que combinam tecnologia de ponta com design excepcional, gerenciando a comunica\u00e7\u00e3o entre o carro e o carregador por meio de aplicativos f\u00e1ceis de usar.<\/span><\/h5>\n","protected":false},"excerpt":{"rendered":"<p>Porque escolher nossos carregadores Bra\u00e7o de mobilidade el\u00e9trica do grupo Citta Eletr\u00f4nica, empresa com 15 anos de atua\u00e7\u00e3o no segmento de fabrica\u00e7\u00e3o de produtos eletr\u00f4nicos e sistemas de energia e automa\u00e7\u00e3o. Distribuidor autorizado da marca\u00a0espanhola WALLBOX para todo territ\u00f3rio nacional. Reservamos 100% do nosso tempo para falar de mobilidade el\u00e9trica. Oferecemos sua melhor op\u00e7\u00e3o de [&hellip;]<\/p>\n","protected":false},"author":1,"featured_media":0,"parent":0,"menu_order":0,"comment_status":"closed","ping_status":"closed","template":"","meta":{"footnotes":""},"class_list":["post-49","page","type-page","status-publish","hentry"],"_links":{"self":[{"href":"https:\/\/awenchargers.com.br\/index.php\/wp-json\/wp\/v2\/pages\/49","targetHints":{"allow":["GET"]}}],"collection":[{"href":"https:\/\/awenchargers.com.br\/index.php\/wp-json\/wp\/v2\/pages"}],"about":[{"href":"https:\/\/awenchargers.com.br\/index.php\/wp-json\/wp\/v2\/types\/page"}],"author":[{"embeddable":true,"href":"https:\/\/awenchargers.com.br\/index.php\/wp-json\/wp\/v2\/users\/1"}],"replies":[{"embeddable":true,"href":"https:\/\/awenchargers.com.br\/index.php\/wp-json\/wp\/v2\/comments?post=49"}],"version-history":[{"count":8,"href":"https:\/\/awenchargers.com.br\/index.php\/wp-json\/wp\/v2\/pages\/49\/revisions"}],"predecessor-version":[{"id":97,"href":"https:\/\/awenchargers.com.br\/index.php\/wp-json\/wp\/v2\/pages\/49\/revisions\/97"}],"wp:attachment":[{"href":"https:\/\/awenchargers.com.br\/index.php\/wp-json\/wp\/v2\/media?parent=49"}],"curies":[{"name":"wp","href":"https:\/\/api.w.org\/{rel}","templated":true}]}}